{"id":7827,"date":"2026-04-14T10:05:48","date_gmt":"2026-04-14T08:05:48","guid":{"rendered":"https:\/\/ame-association.fr\/membres\/?page_id=7827"},"modified":"2026-04-14T10:05:50","modified_gmt":"2026-04-14T08:05:50","slug":"les-entre-2","status":"publish","type":"page","link":"https:\/\/ame-association.fr\/membres\/?page_id=7827","title":{"rendered":"Communication\u00a0externe"},"content":{"rendered":"Vous devez \u00eatre connect\u00e9 pour voir ce contenu.","protected":false},"excerpt":{"rendered":"Vous devez \u00eatre connect\u00e9 pour voir ce contenu.","protected":false},"author":1,"featured_media":0,"parent":0,"menu_order":0,"comment_status":"closed","ping_status":"closed","template":"page-templates\/template-pagebuilder-full-width.php","meta":{"neve_meta_sidebar":"","neve_meta_container":"","neve_meta_enable_content_width":"","neve_meta_content_width":0,"neve_meta_title_alignment":"","neve_meta_author_avatar":"","neve_post_elements_order":"","neve_meta_disable_header":"","neve_meta_disable_footer":"","neve_meta_disable_title":"","_ti_tpc_template_sync":false,"_ti_tpc_template_id":"","footnotes":""},"class_list":["post-7827","page","type-page","status-publish","hentry"],"yoast_head":"<!-- This site is optimized with the Yoast SEO plugin v22.2 - https:\/\/yoast.com\/wordpress\/plugins\/seo\/ -->\n<title>Communication\u00a0externe &#8212; Alliance pour la Mixit\u00e9 en Entreprise<\/title>\n<meta name=\"robots\" content=\"index, follow, max-snippet:-1, max-image-preview:large, max-video-preview:-1\" \/>\n<link rel=\"canonical\" href=\"https:\/\/ame-association.fr\/membres\/?page_id=7827\" \/>\n<meta property=\"og:locale\" content=\"fr_FR\" \/>\n<meta property=\"og:type\" content=\"article\" \/>\n<meta property=\"og:title\" content=\"Communication\u00a0externe &#8212; Alliance pour la Mixit\u00e9 en Entreprise\" \/>\n<meta property=\"og:description\" content=\"Ce contenu est strictement r\u00e9serv\u00e9 aux adh\u00e9rents de l&#039;association. Si vous \u00eates d\u00e9j\u00e0 adh\u00e9rent, connectez-vous. Sinon, vous pouvez faire une demande d&#039;inscription. Votre demande d&#039;inscription sera soumise \u00e0 validation de&hellip;&nbsp;Lire la suite &raquo;Communication\u00a0externe\" \/>\n<meta property=\"og:url\" content=\"https:\/\/ame-association.fr\/membres\/?page_id=7827\" \/>\n<meta property=\"og:site_name\" content=\"Alliance pour la Mixit\u00e9 en Entreprise\" \/>\n<meta property=\"article:modified_time\" content=\"2026-04-14T08:05:50+00:00\" \/>\n<meta property=\"og:image\" content=\"https:\/\/ame-association.fr\/membres\/wp-content\/uploads\/2021\/06\/viktor-talashuk-05HLFQu8bFw-unsplash-scaled.jpg\" \/>\n<meta name=\"twitter:card\" content=\"summary_large_image\" \/>\n<meta name=\"twitter:site\" content=\"@amedelyon\" \/>\n<meta name=\"twitter:label1\" content=\"Dur\u00e9e de lecture estim\u00e9e\" \/>\n\t<meta name=\"twitter:data1\" content=\"2 minutes\" \/>\n<script type=\"application\/ld+json\" class=\"yoast-schema-graph\">{\"@context\":\"https:\/\/schema.org\",\"@graph\":[{\"@type\":\"WebPage\",\"@id\":\"https:\/\/ame-association.fr\/membres\/?page_id=7827\",\"url\":\"https:\/\/ame-association.fr\/membres\/?page_id=7827\",\"name\":\"Communication\u00a0externe &#8212; Alliance pour la Mixit\u00e9 en Entreprise\",\"isPartOf\":{\"@id\":\"https:\/\/ame-association.fr\/membres\/#website\"},\"primaryImageOfPage\":{\"@id\":\"https:\/\/ame-association.fr\/membres\/?page_id=7827#primaryimage\"},\"image\":{\"@id\":\"https:\/\/ame-association.fr\/membres\/?page_id=7827#primaryimage\"},\"thumbnailUrl\":\"https:\/\/ame-association.fr\/membres\/wp-content\/uploads\/2021\/06\/viktor-talashuk-05HLFQu8bFw-unsplash-scaled.jpg\",\"datePublished\":\"2026-04-14T08:05:48+00:00\",\"dateModified\":\"2026-04-14T08:05:50+00:00\",\"breadcrumb\":{\"@id\":\"https:\/\/ame-association.fr\/membres\/?page_id=7827#breadcrumb\"},\"inLanguage\":\"fr-FR\",\"potentialAction\":[{\"@type\":\"ReadAction\",\"target\":[\"https:\/\/ame-association.fr\/membres\/?page_id=7827\"]}]},{\"@type\":\"ImageObject\",\"inLanguage\":\"fr-FR\",\"@id\":\"https:\/\/ame-association.fr\/membres\/?page_id=7827#primaryimage\",\"url\":\"https:\/\/ame-association.fr\/membres\/wp-content\/uploads\/2021\/06\/viktor-talashuk-05HLFQu8bFw-unsplash-scaled.jpg\",\"contentUrl\":\"https:\/\/ame-association.fr\/membres\/wp-content\/uploads\/2021\/06\/viktor-talashuk-05HLFQu8bFw-unsplash-scaled.jpg\",\"width\":2560,\"height\":1702},{\"@type\":\"BreadcrumbList\",\"@id\":\"https:\/\/ame-association.fr\/membres\/?page_id=7827#breadcrumb\",\"itemListElement\":[{\"@type\":\"ListItem\",\"position\":1,\"name\":\"Accueil\",\"item\":\"https:\/\/ame-association.fr\/membres\/\"},{\"@type\":\"ListItem\",\"position\":2,\"name\":\"Communication\u00a0externe\"}]},{\"@type\":\"WebSite\",\"@id\":\"https:\/\/ame-association.fr\/membres\/#website\",\"url\":\"https:\/\/ame-association.fr\/membres\/\",\"name\":\"Alliance pour la mixit\u00e9 en entreprise\",\"description\":\"Am\u00e9liorer l\u2019\u00e9galit\u00e9 professionnelle femmes-hommes et faire progresser la f\u00e9minisation du management de nos entreprises\",\"publisher\":{\"@id\":\"https:\/\/ame-association.fr\/membres\/#organization\"},\"potentialAction\":[{\"@type\":\"SearchAction\",\"target\":{\"@type\":\"EntryPoint\",\"urlTemplate\":\"https:\/\/ame-association.fr\/membres\/?s={search_term_string}\"},\"query-input\":\"required name=search_term_string\"}],\"inLanguage\":\"fr-FR\"},{\"@type\":\"Organization\",\"@id\":\"https:\/\/ame-association.fr\/membres\/#organization\",\"name\":\"Alliance pour la mixit\u00e9 en entreprise\",\"url\":\"https:\/\/ame-association.fr\/membres\/\",\"logo\":{\"@type\":\"ImageObject\",\"inLanguage\":\"fr-FR\",\"@id\":\"https:\/\/ame-association.fr\/membres\/#\/schema\/logo\/image\/\",\"url\":\"https:\/\/ame-association.fr\/wp-content\/uploads\/2018\/07\/logo_couleur.png\",\"contentUrl\":\"https:\/\/ame-association.fr\/wp-content\/uploads\/2018\/07\/logo_couleur.png\",\"width\":2000,\"height\":764,\"caption\":\"Alliance pour la mixit\u00e9 en entreprise\"},\"image\":{\"@id\":\"https:\/\/ame-association.fr\/membres\/#\/schema\/logo\/image\/\"},\"sameAs\":[\"https:\/\/twitter.com\/amedelyon\",\"https:\/\/www.linkedin.com\/in\/l-ame-l-alliance-pour-la-mixit\u00e9-en-entreprise-a60275147\/\"]}]}<\/script>\n<!-- \/ Yoast SEO plugin. -->","yoast_head_json":{"title":"Communication\u00a0externe &#8212; Alliance pour la Mixit\u00e9 en Entreprise","robots":{"index":"index","follow":"follow","max-snippet":"max-snippet:-1","max-image-preview":"max-image-preview:large","max-video-preview":"max-video-preview:-1"},"canonical":"https:\/\/ame-association.fr\/membres\/?page_id=7827","og_locale":"fr_FR","og_type":"article","og_title":"Communication\u00a0externe &#8212; Alliance pour la Mixit\u00e9 en Entreprise","og_description":"Ce contenu est strictement r\u00e9serv\u00e9 aux adh\u00e9rents de l'association. Si vous \u00eates d\u00e9j\u00e0 adh\u00e9rent, connectez-vous. Sinon, vous pouvez faire une demande d'inscription. Votre demande d'inscription sera soumise \u00e0 validation de&hellip;&nbsp;Lire la suite &raquo;Communication\u00a0externe","og_url":"https:\/\/ame-association.fr\/membres\/?page_id=7827","og_site_name":"Alliance pour la Mixit\u00e9 en Entreprise","article_modified_time":"2026-04-14T08:05:50+00:00","og_image":[{"url":"https:\/\/ame-association.fr\/membres\/wp-content\/uploads\/2021\/06\/viktor-talashuk-05HLFQu8bFw-unsplash-scaled.jpg"}],"twitter_card":"summary_large_image","twitter_site":"@amedelyon","twitter_misc":{"Dur\u00e9e de lecture estim\u00e9e":"2 minutes"},"schema":{"@context":"https:\/\/schema.org","@graph":[{"@type":"WebPage","@id":"https:\/\/ame-association.fr\/membres\/?page_id=7827","url":"https:\/\/ame-association.fr\/membres\/?page_id=7827","name":"Communication\u00a0externe &#8212; Alliance pour la Mixit\u00e9 en Entreprise","isPartOf":{"@id":"https:\/\/ame-association.fr\/membres\/#website"},"primaryImageOfPage":{"@id":"https:\/\/ame-association.fr\/membres\/?page_id=7827#primaryimage"},"image":{"@id":"https:\/\/ame-association.fr\/membres\/?page_id=7827#primaryimage"},"thumbnailUrl":"https:\/\/ame-association.fr\/membres\/wp-content\/uploads\/2021\/06\/viktor-talashuk-05HLFQu8bFw-unsplash-scaled.jpg","datePublished":"2026-04-14T08:05:48+00:00","dateModified":"2026-04-14T08:05:50+00:00","breadcrumb":{"@id":"https:\/\/ame-association.fr\/membres\/?page_id=7827#breadcrumb"},"inLanguage":"fr-FR","potentialAction":[{"@type":"ReadAction","target":["https:\/\/ame-association.fr\/membres\/?page_id=7827"]}]},{"@type":"ImageObject","inLanguage":"fr-FR","@id":"https:\/\/ame-association.fr\/membres\/?page_id=7827#primaryimage","url":"https:\/\/ame-association.fr\/membres\/wp-content\/uploads\/2021\/06\/viktor-talashuk-05HLFQu8bFw-unsplash-scaled.jpg","contentUrl":"https:\/\/ame-association.fr\/membres\/wp-content\/uploads\/2021\/06\/viktor-talashuk-05HLFQu8bFw-unsplash-scaled.jpg","width":2560,"height":1702},{"@type":"BreadcrumbList","@id":"https:\/\/ame-association.fr\/membres\/?page_id=7827#breadcrumb","itemListElement":[{"@type":"ListItem","position":1,"name":"Accueil","item":"https:\/\/ame-association.fr\/membres\/"},{"@type":"ListItem","position":2,"name":"Communication\u00a0externe"}]},{"@type":"WebSite","@id":"https:\/\/ame-association.fr\/membres\/#website","url":"https:\/\/ame-association.fr\/membres\/","name":"Alliance pour la mixit\u00e9 en entreprise","description":"Am\u00e9liorer l\u2019\u00e9galit\u00e9 professionnelle femmes-hommes et faire progresser la f\u00e9minisation du management de nos entreprises","publisher":{"@id":"https:\/\/ame-association.fr\/membres\/#organization"},"potentialAction":[{"@type":"SearchAction","target":{"@type":"EntryPoint","urlTemplate":"https:\/\/ame-association.fr\/membres\/?s={search_term_string}"},"query-input":"required name=search_term_string"}],"inLanguage":"fr-FR"},{"@type":"Organization","@id":"https:\/\/ame-association.fr\/membres\/#organization","name":"Alliance pour la mixit\u00e9 en entreprise","url":"https:\/\/ame-association.fr\/membres\/","logo":{"@type":"ImageObject","inLanguage":"fr-FR","@id":"https:\/\/ame-association.fr\/membres\/#\/schema\/logo\/image\/","url":"https:\/\/ame-association.fr\/wp-content\/uploads\/2018\/07\/logo_couleur.png","contentUrl":"https:\/\/ame-association.fr\/wp-content\/uploads\/2018\/07\/logo_couleur.png","width":2000,"height":764,"caption":"Alliance pour la mixit\u00e9 en entreprise"},"image":{"@id":"https:\/\/ame-association.fr\/membres\/#\/schema\/logo\/image\/"},"sameAs":["https:\/\/twitter.com\/amedelyon","https:\/\/www.linkedin.com\/in\/l-ame-l-alliance-pour-la-mixit\u00e9-en-entreprise-a60275147\/"]}]}},"_links":{"self":[{"href":"https:\/\/ame-association.fr\/membres\/index.php?rest_route=\/wp\/v2\/pages\/7827","targetHints":{"allow":["GET"]}}],"collection":[{"href":"https:\/\/ame-association.fr\/membres\/index.php?rest_route=\/wp\/v2\/pages"}],"about":[{"href":"https:\/\/ame-association.fr\/membres\/index.php?rest_route=\/wp\/v2\/types\/page"}],"author":[{"embeddable":true,"href":"https:\/\/ame-association.fr\/membres\/index.php?rest_route=\/wp\/v2\/users\/1"}],"replies":[{"embeddable":true,"href":"https:\/\/ame-association.fr\/membres\/index.php?rest_route=%2Fwp%2Fv2%2Fcomments&post=7827"}],"version-history":[{"count":1,"href":"https:\/\/ame-association.fr\/membres\/index.php?rest_route=\/wp\/v2\/pages\/7827\/revisions"}],"predecessor-version":[{"id":7828,"href":"https:\/\/ame-association.fr\/membres\/index.php?rest_route=\/wp\/v2\/pages\/7827\/revisions\/7828"}],"wp:attachment":[{"href":"https:\/\/ame-association.fr\/membres\/index.php?rest_route=%2Fwp%2Fv2%2Fmedia&parent=7827"}],"curies":[{"name":"wp","href":"https:\/\/api.w.org\/{rel}","templated":true}]}}